{"id":5,"date":"2022-09-06T14:06:32","date_gmt":"2022-09-06T12:06:32","guid":{"rendered":"https:\/\/guide-suisse-de-la-comptabilite.my.be\/?page_id=5"},"modified":"2023-09-13T08:43:23","modified_gmt":"2023-09-13T06:43:23","slug":"accueil","status":"publish","type":"page","link":"https:\/\/guide-suisse-de-la-comptabilite.ch\/","title":{"rendered":"Accueil"},"content":{"rendered":"\n<div class=\"alignnormal\"><div id=\"metaslider-id-117\" style=\"width: 100%;\" class=\"ml-slider-3-61-0 metaslider metaslider-flex metaslider-117 ml-slider ms-theme-default\" role=\"region\" aria-roledescription=\"Slideshow\" aria-label=\"New Slideshow\">\n    <div id=\"metaslider_container_117\">\n        <div id=\"metaslider_117\">\n            <ul aria-live=\"polite\" class=\"slides\">\n                <li style=\"display: block; width: 100%;\" class=\"slide-121 ms-image \" aria-roledescription=\"slide\" aria-label=\"slide-121\"><img loading=\"lazy\" decoding=\"async\" width=\"2000\" height=\"720\" src=\"https:\/\/guide-suisse-de-la-comptabilite.ch\/wp-content\/uploads\/2022\/09\/banner-1-1.jpg\" class=\"slider-117 slide-121\" alt=\"\" rel=\"\" title=\"banner-1\" style=\"margin-top: 3.4285714285714%\" srcset=\"https:\/\/guide-suisse-de-la-comptabilite.ch\/wp-content\/uploads\/2022\/09\/banner-1-1.jpg 2000w, https:\/\/guide-suisse-de-la-comptabilite.ch\/wp-content\/uploads\/2022\/09\/banner-1-1-300x108.jpg 300w, https:\/\/guide-suisse-de-la-comptabilite.ch\/wp-content\/uploads\/2022\/09\/banner-1-1-1024x369.jpg 1024w, https:\/\/guide-suisse-de-la-comptabilite.ch\/wp-content\/uploads\/2022\/09\/banner-1-1-768x276.jpg 768w, https:\/\/guide-suisse-de-la-comptabilite.ch\/wp-content\/uploads\/2022\/09\/banner-1-1-1536x553.jpg 1536w\" sizes=\"auto, (max-width: 2000px) 100vw, 2000px\" \/><\/li>\n                <li style=\"display: none; width: 100%;\" class=\"slide-120 ms-image \" aria-roledescription=\"slide\" aria-label=\"slide-120\"><img loading=\"lazy\" decoding=\"async\" width=\"2000\" height=\"720\" src=\"https:\/\/guide-suisse-de-la-comptabilite.ch\/wp-content\/uploads\/2022\/09\/banner-2-1.jpg\" class=\"slider-117 slide-120\" alt=\"\" rel=\"\" title=\"banner-2\" style=\"margin-top: 3.4285714285714%\" srcset=\"https:\/\/guide-suisse-de-la-comptabilite.ch\/wp-content\/uploads\/2022\/09\/banner-2-1.jpg 2000w, https:\/\/guide-suisse-de-la-comptabilite.ch\/wp-content\/uploads\/2022\/09\/banner-2-1-300x108.jpg 300w, https:\/\/guide-suisse-de-la-comptabilite.ch\/wp-content\/uploads\/2022\/09\/banner-2-1-1024x369.jpg 1024w, https:\/\/guide-suisse-de-la-comptabilite.ch\/wp-content\/uploads\/2022\/09\/banner-2-1-768x276.jpg 768w, https:\/\/guide-suisse-de-la-comptabilite.ch\/wp-content\/uploads\/2022\/09\/banner-2-1-1536x553.jpg 1536w\" sizes=\"auto, (max-width: 2000px) 100vw, 2000px\" \/><\/li>\n            <\/ul>\n        <\/div>\n        \n    <\/div>\n<\/div><\/div>\n\n\n<form role=\"search\" method=\"get\" action=\"https:\/\/guide-suisse-de-la-comptabilite.ch\/\" class=\"wp-block-search__button-inside wp-block-search__text-button wp-block-search\"    ><label class=\"wp-block-search__label\" for=\"wp-block-search__input-1\" >Recherche par aper\u00e7u d&#8217;article<\/label><div class=\"wp-block-search__inside-wrapper\"  style=\"width: 50%\"><input class=\"wp-block-search__input\" id=\"wp-block-search__input-1\" placeholder=\"Rechercher ...\" value=\"\" type=\"search\" name=\"s\" required \/><button aria-label=\"Rechercher\" class=\"wp-block-search__button wp-element-button\" type=\"submit\" >Rechercher<\/button><\/div><\/form>\n\n\n<div style=\"height:40px\" aria-hidden=\"true\" class=\"wp-block-spacer\"><\/div>\n\n\n\n<h2 class=\"wp-block-heading\">BIENVENUE SUR LE SITE ONLINE DE LA CERTIFICATION QUALIT\u00c9<\/h2>\n\n\n\n<div style=\"height:40px\" aria-hidden=\"true\" class=\"wp-block-spacer\"><\/div>\n\n\n\n<p>Cher-\u00e8re abonn\u00e9-e,<\/p>\n\n\n\n<p>Bienvenue sur la page de votre manuel pratique.&nbsp;<\/p>\n\n\n\n<p>F\u00e9licitations : vous avez d\u00e9j\u00e0 :&nbsp;<\/p>\n\n\n\n<ol class=\"wp-block-list\">\n<li>Int\u00e9gr\u00e9 la mise \u00e0 jour papier dans votre classeur.&nbsp;<\/li>\n\n\n\n<li>Transmis votre num\u00e9ro client ainsi que le num\u00e9ro de votre facture \u00e0&nbsp;<a href=\"mailto:info@ejmb.ch\">info@ejmb.ch<\/a>.&nbsp;<\/li>\n\n\n\n<li>Introduit vos codes personnels figurant dans votre lettre d\u2019accompagnement sous l\u2019onglet \u00ab Connexion \u00bb<br>N\u2019oubliez pas de conserver pr\u00e9cieusement vos codes d\u2019acc\u00e8s pour vos futures visites !<br>&nbsp;<\/li>\n\n\n\n<li>Votre navigation peut d\u00e9sormais d\u00e9buter :&nbsp;<\/li>\n<\/ol>\n\n\n\n<ul class=\"wp-block-list\">\n<li>Cliquez sur l\u2019onglet \u00ab Parcourir le guide \u00bb si vous souhaitez avoir une vision d\u2019ensemble de votre manuel et trouver des r\u00e9ponses rapides \u00e0 vos questions.&nbsp;<br>L\u2019onglet \u00ab Recherche \u00bb vous permet de trouver un terme pr\u00e9cis.<\/li>\n\n\n\n<li>Cliquez sur l\u2019onglet \u00ab T\u00e9l\u00e9charger le guide PDF \u00bb si vous d\u00e9sirez disposer de la totalit\u00e9 de votre manuel en format pdf.&nbsp;<\/li>\n<\/ul>\n\n\n\n<p>Un abonnement, trois supports diff\u00e9rents :&nbsp;<\/p>\n\n\n\n<p>Le classeur papier dans sa derni\u00e8re version actualis\u00e9e.<\/p>\n\n\n\n<p>Un site consacr\u00e9 uniquement \u00e0 votre guide, avec des fonctionnalit\u00e9s interactives pour faciliter vos recherches.<\/p>\n\n\n\n<p>NB&nbsp;: Les th\u00e9matique trait\u00e9es dans nos manuels pratiques sont en ad\u00e9quation avec la l\u00e9gislation en vigueur et contiennent par cons\u00e9quent des documents fournis, notamment, par l\u2019Administration f\u00e9d\u00e9rale.<br>Les copyrights sp\u00e9cifiques figurent aux endroits ad\u00e9quats dans la version papier ainsi que dans le format pdf. Afin de simplifier le visuel, ils n\u2019ont pas \u00e9t\u00e9 report\u00e9s dans la version en ligne.<\/p>\n\n\n\n<div style=\"height:40px\" aria-hidden=\"true\" class=\"wp-block-spacer\"><\/div>\n\n\n\n<h2 class=\"wp-block-heading\">VERS\u00a0LA TABLE DES MATI\u00c8RES EN LIGNE<\/h2>\n\n\n\n<figure class=\"wp-block-image size-full\"><img loading=\"lazy\" decoding=\"async\" width=\"600\" height=\"399\" src=\"https:\/\/guide-suisse-de-la-comptabilite.ch\/wp-content\/uploads\/2023\/09\/GuideComptaFr-1.png\" alt=\"\" class=\"wp-image-2313\" srcset=\"https:\/\/guide-suisse-de-la-comptabilite.ch\/wp-content\/uploads\/2023\/09\/GuideComptaFr-1.png 600w, https:\/\/guide-suisse-de-la-comptabilite.ch\/wp-content\/uploads\/2023\/09\/GuideComptaFr-1-300x200.png 300w\" sizes=\"auto, (max-width: 600px) 100vw, 600px\" \/><\/figure>\n","protected":false},"excerpt":{"rendered":"<p>BIENVENUE SUR LE SITE ONLINE DE LA CERTIFICATION QUALIT\u00c9 Cher-\u00e8re abonn\u00e9-e, Bienvenue sur la page de votre manuel pratique.&nbsp; F\u00e9licitations : vous avez d\u00e9j\u00e0 :&nbsp; Un abonnement, trois supports diff\u00e9rents :&nbsp; Le classeur papier dans sa derni\u00e8re version actualis\u00e9e. Un site consacr\u00e9 uniquement \u00e0 votre guide, avec des fonctionnalit\u00e9s interactives pour faciliter vos recherches. NB&nbsp;: &hellip;<\/p>\n<p class=\"read-more\"> <a class=\"\" href=\"https:\/\/guide-suisse-de-la-comptabilite.ch\/\"> <span class=\"screen-reader-text\">Accueil<\/span> Lire la suite\u00a0\u00bb<\/a><\/p>\n","protected":false},"author":1,"featured_media":0,"parent":0,"menu_order":0,"comment_status":"closed","ping_status":"closed","template":"","meta":{"site-sidebar-layout":"default","site-content-layout":"default","ast-global-header-display":"","ast-main-header-display":"","ast-hfb-above-header-display":"","ast-hfb-below-header-display":"","ast-hfb-mobile-header-display":"","site-post-title":"disabled","ast-breadcrumbs-content":"","ast-featured-img":"","footer-sml-layout":"","theme-transparent-header-meta":"default","adv-header-id-meta":"","stick-header-meta":"","header-above-stick-meta":"","header-main-stick-meta":"","header-below-stick-meta":"","footnotes":""},"class_list":["post-5","page","type-page","status-publish","hentry"],"_links":{"self":[{"href":"https:\/\/guide-suisse-de-la-comptabilite.ch\/index.php?rest_route=\/wp\/v2\/pages\/5","targetHints":{"allow":["GET"]}}],"collection":[{"href":"https:\/\/guide-suisse-de-la-comptabilite.ch\/index.php?rest_route=\/wp\/v2\/pages"}],"about":[{"href":"https:\/\/guide-suisse-de-la-comptabilite.ch\/index.php?rest_route=\/wp\/v2\/types\/page"}],"author":[{"embeddable":true,"href":"https:\/\/guide-suisse-de-la-comptabilite.ch\/index.php?rest_route=\/wp\/v2\/users\/1"}],"replies":[{"embeddable":true,"href":"https:\/\/guide-suisse-de-la-comptabilite.ch\/index.php?rest_route=%2Fwp%2Fv2%2Fcomments&post=5"}],"version-history":[{"count":15,"href":"https:\/\/guide-suisse-de-la-comptabilite.ch\/index.php?rest_route=\/wp\/v2\/pages\/5\/revisions"}],"predecessor-version":[{"id":2314,"href":"https:\/\/guide-suisse-de-la-comptabilite.ch\/index.php?rest_route=\/wp\/v2\/pages\/5\/revisions\/2314"}],"wp:attachment":[{"href":"https:\/\/guide-suisse-de-la-comptabilite.ch\/index.php?rest_route=%2Fwp%2Fv2%2Fmedia&parent=5"}],"curies":[{"name":"wp","href":"https:\/\/api.w.org\/{rel}","templated":true}]}}